{"id":148,"date":"2025-05-26T15:44:37","date_gmt":"2025-05-26T13:44:37","guid":{"rendered":"https:\/\/maison-medusa.com\/?post_type=product&#038;p=148"},"modified":"2025-05-28T14:06:29","modified_gmt":"2025-05-28T12:06:29","slug":"gommage-corps-sur-mesure","status":"publish","type":"product","link":"https:\/\/maison-medusa.com\/?product=gommage-corps-sur-mesure","title":{"rendered":"Gommage Corps Sur-Mesure"},"content":{"rendered":"<p data-start=\"703\" data-end=\"945\">\ud83c\udf3f <strong data-start=\"706\" data-end=\"761\">Produits bio, naturels et respectueux de la plan\u00e8te<\/strong><br data-start=\"761\" data-end=\"764\" \/>Notre gommage est formul\u00e9 \u00e0 partir d&rsquo;ingr\u00e9dients <strong data-start=\"813\" data-end=\"850\">issus de l\u2019agriculture biologique<\/strong>, sans additifs nocifs ni substances controvers\u00e9es. Z\u00e9ro d\u00e9chet, z\u00e9ro compromis sur la qualit\u00e9.<\/p>\n<p data-start=\"947\" data-end=\"1083\">\u2728 <strong data-start=\"949\" data-end=\"1007\">Un rituel sensoriel, une composition unique \u2013 la v\u00f4tre<\/strong><br data-start=\"1007\" data-end=\"1010\" \/>Parce que chaque peau est diff\u00e9rente, votre soin se doit de l\u2019\u00eatre aussi.<\/p>\n","protected":false},"excerpt":{"rendered":"<p data-start=\"128\" data-end=\"335\">Offrez \u00e0 votre peau un soin unique, 100 % personnalis\u00e9 selon [&hellip;]<\/p>\n","protected":false},"featured_media":282,"template":"","meta":[],"product_brand":[],"product_cat":[26],"product_tag":[],"class_list":{"0":"post-148","1":"product","2":"type-product","3":"status-publish","4":"has-post-thumbnail","6":"product_cat-gommages-2","8":"first","9":"instock","10":"featured","11":"shipping-taxable","12":"purchasable","13":"product-type-variable"},"_links":{"self":[{"href":"https:\/\/maison-medusa.com\/index.php?rest_route=\/wp\/v2\/product\/148","targetHints":{"allow":["GET"]}}],"collection":[{"href":"https:\/\/maison-medusa.com\/index.php?rest_route=\/wp\/v2\/product"}],"about":[{"href":"https:\/\/maison-medusa.com\/index.php?rest_route=\/wp\/v2\/types\/product"}],"wp:featuredmedia":[{"embeddable":true,"href":"https:\/\/maison-medusa.com\/index.php?rest_route=\/wp\/v2\/media\/282"}],"wp:attachment":[{"href":"https:\/\/maison-medusa.com\/index.php?rest_route=%2Fwp%2Fv2%2Fmedia&parent=148"}],"wp:term":[{"taxonomy":"product_brand","embeddable":true,"href":"https:\/\/maison-medusa.com\/index.php?rest_route=%2Fwp%2Fv2%2Fproduct_brand&post=148"},{"taxonomy":"product_cat","embeddable":true,"href":"https:\/\/maison-medusa.com\/index.php?rest_route=%2Fwp%2Fv2%2Fproduct_cat&post=148"},{"taxonomy":"product_tag","embeddable":true,"href":"https:\/\/maison-medusa.com\/index.php?rest_route=%2Fwp%2Fv2%2Fproduct_tag&post=148"}],"curies":[{"name":"wp","href":"https:\/\/api.w.org\/{rel}","templated":true}]}}